{"id":14,"date":"2026-04-01T07:46:33","date_gmt":"2026-04-01T07:46:33","guid":{"rendered":"https:\/\/poliflox.rkinformatika.online\/?page_id=14"},"modified":"2026-04-08T10:36:36","modified_gmt":"2026-04-08T10:36:36","slug":"inicio","status":"publish","type":"page","link":"https:\/\/poliflox.com\/ca\/","title":{"rendered":"Inici"},"content":{"rendered":"\t\t<div data-elementor-type=\"wp-page\" data-elementor-id=\"14\" class=\"elementor elementor-14\" data-elementor-post-type=\"page\">\n\t\t\t\t<div class=\"elementor-element elementor-element-0d825e2 e-flex e-con-boxed e-con e-parent\" data-id=\"0d825e2\" data-element_type=\"container\" data-e-type=\"container\" data-settings=\"{&quot;background_background&quot;:&quot;classic&quot;,&quot;background_motion_fx_motion_fx_scrolling&quot;:&quot;yes&quot;,&quot;background_motion_fx_translateY_effect&quot;:&quot;yes&quot;,&quot;background_motion_fx_translateY_direction&quot;:&quot;negative&quot;,&quot;background_motion_fx_translateY_speed&quot;:{&quot;unit&quot;:&quot;px&quot;,&quot;size&quot;:4.4,&quot;sizes&quot;:[]},&quot;background_motion_fx_motion_fx_mouse&quot;:&quot;yes&quot;,&quot;background_motion_fx_translateY_affectedRange&quot;:{&quot;unit&quot;:&quot;%&quot;,&quot;size&quot;:&quot;&quot;,&quot;sizes&quot;:{&quot;start&quot;:0,&quot;end&quot;:100}},&quot;background_motion_fx_devices&quot;:[&quot;desktop&quot;,&quot;tablet&quot;,&quot;mobile&quot;]}\">\n\t\t\t\t\t<div class=\"e-con-inner\">\n\t\t\t\t<div class=\"elementor-element elementor-element-a33c6fc elementor-invisible elementor-widget elementor-widget-image\" data-id=\"a33c6fc\" data-element_type=\"widget\" data-e-type=\"widget\" data-settings=\"{&quot;_animation&quot;:&quot;fadeInDown&quot;}\" data-widget_type=\"image.default\">\n\t\t\t\t\t\t\t\t\t\t\t\t\t\t\t<img fetchpriority=\"high\" decoding=\"async\" width=\"1041\" height=\"239\" src=\"https:\/\/poliflox.com\/wp-content\/uploads\/2026\/04\/logotransparent.png\" class=\"attachment-full size-full wp-image-184\" alt=\"\" srcset=\"https:\/\/poliflox.com\/wp-content\/uploads\/2026\/04\/logotransparent.png 1041w, https:\/\/poliflox.com\/wp-content\/uploads\/2026\/04\/logotransparent-300x69.png 300w, https:\/\/poliflox.com\/wp-content\/uploads\/2026\/04\/logotransparent-1024x235.png 1024w, https:\/\/poliflox.com\/wp-content\/uploads\/2026\/04\/logotransparent-768x176.png 768w, https:\/\/poliflox.com\/wp-content\/uploads\/2026\/04\/logotransparent-18x4.png 18w\" sizes=\"(max-width: 1041px) 100vw, 1041px\" \/>\t\t\t\t\t\t\t\t\t\t\t\t\t\t\t<\/div>\n\t\t\t\t<div class=\"elementor-element elementor-element-b90b612 animated-slow elementor-invisible elementor-widget elementor-widget-heading\" data-id=\"b90b612\" data-element_type=\"widget\" data-e-type=\"widget\" data-settings=\"{&quot;_animation&quot;:&quot;fadeInDown&quot;}\" data-widget_type=\"heading.default\">\n\t\t\t\t\t<h2 class=\"elementor-heading-title elementor-size-default\">FOTOGRAF\u00cdA Y COMMUNITY MANAGEMENT<\/h2>\t\t\t\t<\/div>\n\t\t\t\t\t<\/div>\n\t\t\t\t<\/div>\n\t\t<div class=\"elementor-element elementor-element-5785a9b e-flex e-con-boxed elementor-invisible e-con e-parent\" data-id=\"5785a9b\" data-element_type=\"container\" data-e-type=\"container\" data-settings=\"{&quot;animation&quot;:&quot;fadeInLeft&quot;}\">\n\t\t\t\t\t<div class=\"e-con-inner\">\n\t\t\t\t<div class=\"elementor-element elementor-element-c4fbb07 elementor-widget elementor-widget-heading\" data-id=\"c4fbb07\" data-element_type=\"widget\" data-e-type=\"widget\" data-widget_type=\"heading.default\">\n\t\t\t\t\t<h2 class=\"elementor-heading-title elementor-size-default\">Sobre m\u00ed<\/h2>\t\t\t\t<\/div>\n\t\t\t\t\t<\/div>\n\t\t\t\t<\/div>\n\t\t<div class=\"elementor-element elementor-element-54f38aa e-flex e-con-boxed e-con e-parent\" data-id=\"54f38aa\" data-element_type=\"container\" data-e-type=\"container\">\n\t\t\t\t\t<div class=\"e-con-inner\">\n\t\t\t\t<div class=\"elementor-element elementor-element-fd47392 animated-slow elementor-invisible elementor-widget elementor-widget-text-editor\" data-id=\"fd47392\" data-element_type=\"widget\" data-e-type=\"widget\" data-settings=\"{&quot;_animation&quot;:&quot;fadeInUp&quot;}\" data-widget_type=\"text-editor.default\">\n\t\t\t\t\t\t\t\t\t<p>Soy Mar\u00eda, fot\u00f3grafa y community manager de Castell\u00f3n. Llevo m\u00e1s de 8 a\u00f1os dedic\u00e1ndome a la fotograf\u00eda y m\u00e1s de 3 a\u00f1os trabajando en gesti\u00f3n de redes sociales para marcas y proyectos creativos.<\/p><p>Mi trabajo como fot\u00f3grafa se centra en capturar momentos reales: bodas, sesiones premam\u00e1, parejas o retratos individuales. No busco poses forzadas ni escenas artificiales. Me gusta observar, esperar y fotografiar aquello que ocurre de forma natural, porque creo que ah\u00ed es donde vive la verdadera emoci\u00f3n.<\/p><p>Para m\u00ed, la fotograf\u00eda es una forma de arte. Me inspiro en la naturalidad, en la luz, en los gestos espont\u00e1neos y en las peque\u00f1as historias que suceden cuando las personas simplemente son ellas mismas. Busco crear im\u00e1genes org\u00e1nicas, honestas y de calidad, que transmitan sensibilidad y autenticidad.<\/p><p>Adem\u00e1s de la fotograf\u00eda, trabajo como community manager ayudando a marcas y proyectos a comunicar su esencia en redes sociales, combinando estrategia, creatividad y contenido visual.<\/p><p>Creo en el arte en todas sus formas y en la belleza de los momentos cotidianos. Mi objetivo es convertir esos instantes en recuerdos que permanezcan en el tiempo.<\/p>\t\t\t\t\t\t\t\t<\/div>\n\t\t\t\t\t<\/div>\n\t\t\t\t<\/div>\n\t\t<div class=\"elementor-element elementor-element-ae18a70 e-flex e-con-boxed e-con e-parent\" data-id=\"ae18a70\" data-element_type=\"container\" data-e-type=\"container\">\n\t\t\t\t\t<div class=\"e-con-inner\">\n\t\t\t\t<div class=\"elementor-element elementor-element-5696b88 elementor-widget-divider--view-line elementor-widget elementor-widget-divider\" data-id=\"5696b88\" data-element_type=\"widget\" data-e-type=\"widget\" data-widget_type=\"divider.default\">\n\t\t\t\t\t\t\t<div class=\"elementor-divider\">\n\t\t\t<span class=\"elementor-divider-separator\">\n\t\t\t\t\t\t<\/span>\n\t\t<\/div>\n\t\t\t\t\t\t<\/div>\n\t\t\t\t\t<\/div>\n\t\t\t\t<\/div>\n\t\t<div class=\"elementor-element elementor-element-9ad3bd5 e-flex e-con-boxed elementor-invisible e-con e-parent\" data-id=\"9ad3bd5\" data-element_type=\"container\" data-e-type=\"container\" data-settings=\"{&quot;background_background&quot;:&quot;classic&quot;,&quot;animation&quot;:&quot;fadeInRight&quot;}\">\n\t\t\t\t\t<div class=\"e-con-inner\">\n\t\t\t\t<div class=\"elementor-element elementor-element-4b9ec68 elementor-widget elementor-widget-heading\" data-id=\"4b9ec68\" data-element_type=\"widget\" data-e-type=\"widget\" data-widget_type=\"heading.default\">\n\t\t\t\t\t<h2 class=\"elementor-heading-title elementor-size-default\">Especialista en fotograf\u00edas:<\/h2>\t\t\t\t<\/div>\n\t\t\t\t\t<\/div>\n\t\t\t\t<\/div>\n\t\t<div class=\"elementor-element elementor-element-14fb432 e-con-full e-flex e-con e-parent\" data-id=\"14fb432\" data-element_type=\"container\" data-e-type=\"container\">\n\t\t\t\t<div class=\"elementor-element elementor-element-9088395 elementor-testimonial--skin-default elementor-testimonial--layout-image_inline elementor-testimonial--align-center elementor-invisible elementor-widget elementor-widget-testimonial-carousel\" data-id=\"9088395\" data-element_type=\"widget\" data-e-type=\"widget\" data-settings=\"{&quot;slides_per_view_tablet&quot;:&quot;1&quot;,&quot;speed&quot;:350,&quot;_animation&quot;:&quot;fadeInUp&quot;,&quot;autoplay&quot;:&quot;yes&quot;,&quot;autoplay_speed&quot;:5000,&quot;loop&quot;:&quot;yes&quot;,&quot;pause_on_hover&quot;:&quot;yes&quot;,&quot;pause_on_interaction&quot;:&quot;yes&quot;,&quot;space_between&quot;:{&quot;unit&quot;:&quot;px&quot;,&quot;size&quot;:10,&quot;sizes&quot;:[]},&quot;space_between_tablet&quot;:{&quot;unit&quot;:&quot;px&quot;,&quot;size&quot;:10,&quot;sizes&quot;:[]},&quot;space_between_mobile&quot;:{&quot;unit&quot;:&quot;px&quot;,&quot;size&quot;:10,&quot;sizes&quot;:[]}}\" data-widget_type=\"testimonial-carousel.default\">\n\t\t\t\t\t\t\t\t\t\t<div class=\"elementor-main-swiper swiper\" role=\"region\" aria-roledescription=\"carousel\" aria-label=\"Diapositivas\">\n\t\t\t\t<div class=\"swiper-wrapper\">\n\t\t\t\t\t\t\t\t\t\t\t<div class=\"swiper-slide\" role=\"group\" aria-roledescription=\"slide\">\n\t\t\t\t\t\t\t\t\t<div class=\"elementor-testimonial\">\n\t\t\t\t\t\t<div class=\"elementor-testimonial__footer\">\n\t\t\t\t\t\t\t\t<cite class=\"elementor-testimonial__cite\"><span class=\"elementor-testimonial__title\">Bodas<\/span><\/cite>\t\t\t<\/div>\n\t\t<\/div>\n\t\t\t\t\t\t\t\t<\/div>\n\t\t\t\t\t\t\t\t\t\t\t<div class=\"swiper-slide\" role=\"group\" aria-roledescription=\"slide\">\n\t\t\t\t\t\t\t\t\t<div class=\"elementor-testimonial\">\n\t\t\t\t\t\t<div class=\"elementor-testimonial__footer\">\n\t\t\t\t\t\t\t\t<cite class=\"elementor-testimonial__cite\"><span class=\"elementor-testimonial__title\">Parejas<\/span><\/cite>\t\t\t<\/div>\n\t\t<\/div>\n\t\t\t\t\t\t\t\t<\/div>\n\t\t\t\t\t\t\t\t\t\t\t<div class=\"swiper-slide\" role=\"group\" aria-roledescription=\"slide\">\n\t\t\t\t\t\t\t\t\t<div class=\"elementor-testimonial\">\n\t\t\t\t\t\t<div class=\"elementor-testimonial__footer\">\n\t\t\t\t\t\t\t\t<cite class=\"elementor-testimonial__cite\"><span class=\"elementor-testimonial__title\">Maternidad<\/span><\/cite>\t\t\t<\/div>\n\t\t<\/div>\n\t\t\t\t\t\t\t\t<\/div>\n\t\t\t\t\t\t\t\t\t\t\t<div class=\"swiper-slide\" role=\"group\" aria-roledescription=\"slide\">\n\t\t\t\t\t\t\t\t\t<div class=\"elementor-testimonial\">\n\t\t\t\t\t\t<div class=\"elementor-testimonial__footer\">\n\t\t\t\t\t\t\t\t<cite class=\"elementor-testimonial__cite\"><span class=\"elementor-testimonial__title\">Madres y bebes<\/span><\/cite>\t\t\t<\/div>\n\t\t<\/div>\n\t\t\t\t\t\t\t\t<\/div>\n\t\t\t\t\t\t\t\t\t\t\t<div class=\"swiper-slide\" role=\"group\" aria-roledescription=\"slide\">\n\t\t\t\t\t\t\t\t\t<div class=\"elementor-testimonial\">\n\t\t\t\t\t\t<div class=\"elementor-testimonial__footer\">\n\t\t\t\t\t\t\t\t<cite class=\"elementor-testimonial__cite\"><span class=\"elementor-testimonial__title\">Eventos<\/span><\/cite>\t\t\t<\/div>\n\t\t<\/div>\n\t\t\t\t\t\t\t\t<\/div>\n\t\t\t\t\t\t\t\t\t\t\t<div class=\"swiper-slide\" role=\"group\" aria-roledescription=\"slide\">\n\t\t\t\t\t\t\t\t\t<div class=\"elementor-testimonial\">\n\t\t\t\t\t\t<div class=\"elementor-testimonial__footer\">\n\t\t\t\t\t\t\t\t<cite class=\"elementor-testimonial__cite\"><span class=\"elementor-testimonial__title\">Gastronomia<\/span><\/cite>\t\t\t<\/div>\n\t\t<\/div>\n\t\t\t\t\t\t\t\t<\/div>\n\t\t\t\t\t\t\t\t\t\t\t<div class=\"swiper-slide\" role=\"group\" aria-roledescription=\"slide\">\n\t\t\t\t\t\t\t\t\t<div class=\"elementor-testimonial\">\n\t\t\t\t\t\t<div class=\"elementor-testimonial__footer\">\n\t\t\t\t\t\t\t\t<cite class=\"elementor-testimonial__cite\"><span class=\"elementor-testimonial__title\">Anuncios de bodas<\/span><\/cite>\t\t\t<\/div>\n\t\t<\/div>\n\t\t\t\t\t\t\t\t<\/div>\n\t\t\t\t\t\t\t\t\t<\/div>\n\t\t\t\t\t\t\t\t\t\t\t\t\t\t\t\t\t\t\t\t\t<\/div>\n\t\t\t\t\t\t\t\t<\/div>\n\t\t\t\t<\/div>\n\t\t<div class=\"elementor-element elementor-element-6ef20f9 e-flex e-con-boxed e-con e-parent\" data-id=\"6ef20f9\" data-element_type=\"container\" data-e-type=\"container\" data-settings=\"{&quot;background_background&quot;:&quot;classic&quot;}\">\n\t\t\t\t\t<div class=\"e-con-inner\">\n\t\t<div class=\"elementor-element elementor-element-f442332 e-con-full e-flex e-con e-child\" data-id=\"f442332\" data-element_type=\"container\" data-e-type=\"container\">\n\t\t\t\t<div class=\"elementor-element elementor-element-4f9bf34 elementor-invisible elementor-widget elementor-widget-image\" data-id=\"4f9bf34\" data-element_type=\"widget\" data-e-type=\"widget\" data-settings=\"{&quot;_animation&quot;:&quot;fadeInUp&quot;}\" data-widget_type=\"image.default\">\n\t\t\t\t\t\t\t\t\t\t\t\t\t\t\t<img decoding=\"async\" width=\"1707\" height=\"2560\" src=\"https:\/\/poliflox.com\/wp-content\/uploads\/2026\/04\/15-1-scaled.jpg\" class=\"elementor-animation-grow attachment-full size-full wp-image-349\" alt=\"\" srcset=\"https:\/\/poliflox.com\/wp-content\/uploads\/2026\/04\/15-1-scaled.jpg 1707w, https:\/\/poliflox.com\/wp-content\/uploads\/2026\/04\/15-1-200x300.jpg 200w, https:\/\/poliflox.com\/wp-content\/uploads\/2026\/04\/15-1-683x1024.jpg 683w, https:\/\/poliflox.com\/wp-content\/uploads\/2026\/04\/15-1-768x1152.jpg 768w, https:\/\/poliflox.com\/wp-content\/uploads\/2026\/04\/15-1-1024x1536.jpg 1024w, https:\/\/poliflox.com\/wp-content\/uploads\/2026\/04\/15-1-1365x2048.jpg 1365w, https:\/\/poliflox.com\/wp-content\/uploads\/2026\/04\/15-1-8x12.jpg 8w\" sizes=\"(max-width: 1707px) 100vw, 1707px\" \/>\t\t\t\t\t\t\t\t\t\t\t\t\t\t\t<\/div>\n\t\t\t\t<\/div>\n\t\t<div class=\"elementor-element elementor-element-fff484c e-con-full e-flex e-con e-child\" data-id=\"fff484c\" data-element_type=\"container\" data-e-type=\"container\">\n\t\t\t\t<div class=\"elementor-element elementor-element-cdf1534 elementor-invisible elementor-widget elementor-widget-image\" data-id=\"cdf1534\" data-element_type=\"widget\" data-e-type=\"widget\" data-settings=\"{&quot;_animation&quot;:&quot;fadeInUp&quot;}\" data-widget_type=\"image.default\">\n\t\t\t\t\t\t\t\t\t\t\t\t\t\t\t<img decoding=\"async\" width=\"900\" height=\"1350\" src=\"https:\/\/poliflox.com\/wp-content\/uploads\/2026\/04\/122-1.jpg\" class=\"elementor-animation-grow attachment-full size-full wp-image-350\" alt=\"\" srcset=\"https:\/\/poliflox.com\/wp-content\/uploads\/2026\/04\/122-1.jpg 900w, https:\/\/poliflox.com\/wp-content\/uploads\/2026\/04\/122-1-200x300.jpg 200w, https:\/\/poliflox.com\/wp-content\/uploads\/2026\/04\/122-1-683x1024.jpg 683w, https:\/\/poliflox.com\/wp-content\/uploads\/2026\/04\/122-1-768x1152.jpg 768w, https:\/\/poliflox.com\/wp-content\/uploads\/2026\/04\/122-1-8x12.jpg 8w\" sizes=\"(max-width: 900px) 100vw, 900px\" \/>\t\t\t\t\t\t\t\t\t\t\t\t\t\t\t<\/div>\n\t\t\t\t<\/div>\n\t\t<div class=\"elementor-element elementor-element-3fbbc98 e-con-full e-flex e-con e-child\" data-id=\"3fbbc98\" data-element_type=\"container\" data-e-type=\"container\">\n\t\t\t\t<div class=\"elementor-element elementor-element-607a690 elementor-invisible elementor-widget elementor-widget-image\" data-id=\"607a690\" data-element_type=\"widget\" data-e-type=\"widget\" data-settings=\"{&quot;_animation&quot;:&quot;fadeInUp&quot;}\" data-widget_type=\"image.default\">\n\t\t\t\t\t\t\t\t\t\t\t\t\t\t\t<img loading=\"lazy\" decoding=\"async\" width=\"9055\" height=\"13582\" src=\"https:\/\/poliflox.com\/wp-content\/uploads\/2026\/04\/17-1.jpg\" class=\"elementor-animation-grow attachment-full size-full wp-image-351\" alt=\"\" \/>\t\t\t\t\t\t\t\t\t\t\t\t\t\t\t<\/div>\n\t\t\t\t<\/div>\n\t\t\t\t\t<\/div>\n\t\t\t\t<\/div>\n\t\t<div class=\"elementor-element elementor-element-376f762 e-flex e-con-boxed e-con e-parent\" data-id=\"376f762\" data-element_type=\"container\" data-e-type=\"container\" data-settings=\"{&quot;background_background&quot;:&quot;classic&quot;}\">\n\t\t\t\t\t<div class=\"e-con-inner\">\n\t\t\t\t<div class=\"elementor-element elementor-element-e2ad9ed elementor-widget elementor-widget-heading\" data-id=\"e2ad9ed\" data-element_type=\"widget\" data-e-type=\"widget\" data-widget_type=\"heading.default\">\n\t\t\t\t\t<h2 class=\"elementor-heading-title elementor-size-default\">Fotograf\u00eda y Community Management para marcas, momentos y proyectos<\/h2>\t\t\t\t<\/div>\n\t\t\t\t<div class=\"elementor-element elementor-element-6be47d6 elementor-align-center elementor-widget elementor-widget-button\" data-id=\"6be47d6\" data-element_type=\"widget\" data-e-type=\"widget\" data-widget_type=\"button.default\">\n\t\t\t\t\t\t\t\t\t\t<a class=\"elementor-button elementor-button-link elementor-size-sm\" href=\"\/servicios\">\n\t\t\t\t\t\t<span class=\"elementor-button-content-wrapper\">\n\t\t\t\t\t\t\t\t\t<span class=\"elementor-button-text\">Ver servicios<\/span>\n\t\t\t\t\t<\/span>\n\t\t\t\t\t<\/a>\n\t\t\t\t\t\t\t\t<\/div>\n\t\t\t\t\t<\/div>\n\t\t\t\t<\/div>\n\t\t\t\t<\/div>\n\t\t","protected":false},"excerpt":{"rendered":"<p>FOTOGRAF\u00cdA Y COMMUNITY MANAGEMENT Sobre m\u00ed Soy Mar\u00eda, fot\u00f3grafa y community manager de Castell\u00f3n. Llevo m\u00e1s de 8 a\u00f1os dedic\u00e1ndome a la fotograf\u00eda y m\u00e1s de 3 a\u00f1os trabajando en gesti\u00f3n de redes sociales para marcas y proyectos creativos. Mi trabajo como fot\u00f3grafa se centra en capturar momentos reales: bodas, sesiones premam\u00e1, parejas o retratos [&hellip;]<\/p>\n","protected":false},"author":1,"featured_media":0,"parent":0,"menu_order":0,"comment_status":"closed","ping_status":"closed","template":"elementor_canvas","meta":{"footnotes":""},"class_list":["post-14","page","type-page","status-publish","hentry"],"yoast_head":"<!-- This site is optimized with the Yoast SEO plugin v27.4 - https:\/\/yoast.com\/product\/yoast-seo-wordpress\/ -->\n<title>Inicio - Poliflox<\/title>\n<meta name=\"robots\" content=\"index, follow, max-snippet:-1, max-image-preview:large, max-video-preview:-1\" \/>\n<link rel=\"canonical\" href=\"https:\/\/poliflox.com\/ca\/\" \/>\n<meta property=\"og:locale\" content=\"ca_ES\" \/>\n<meta property=\"og:type\" content=\"article\" \/>\n<meta property=\"og:title\" content=\"Inicio - Poliflox\" \/>\n<meta property=\"og:description\" content=\"FOTOGRAF\u00cdA Y COMMUNITY MANAGEMENT Sobre m\u00ed Soy Mar\u00eda, fot\u00f3grafa y community manager de Castell\u00f3n. Llevo m\u00e1s de 8 a\u00f1os dedic\u00e1ndome a la fotograf\u00eda y m\u00e1s de 3 a\u00f1os trabajando en gesti\u00f3n de redes sociales para marcas y proyectos creativos. Mi trabajo como fot\u00f3grafa se centra en capturar momentos reales: bodas, sesiones premam\u00e1, parejas o retratos [&hellip;]\" \/>\n<meta property=\"og:url\" content=\"https:\/\/poliflox.com\/ca\/\" \/>\n<meta property=\"og:site_name\" content=\"Poliflox\" \/>\n<meta property=\"article:modified_time\" content=\"2026-04-08T10:36:36+00:00\" \/>\n<meta property=\"og:image\" content=\"https:\/\/poliflox.com\/wp-content\/uploads\/2026\/04\/logotransparent.png\" \/>\n<meta name=\"twitter:card\" content=\"summary_large_image\" \/>\n<meta name=\"twitter:label1\" content=\"Temps estimat de lectura\" \/>\n\t<meta name=\"twitter:data1\" content=\"1 minut\" \/>\n<script type=\"application\/ld+json\" class=\"yoast-schema-graph\">{\"@context\":\"https:\\\/\\\/schema.org\",\"@graph\":[{\"@type\":\"WebPage\",\"@id\":\"https:\\\/\\\/poliflox.com\\\/\",\"url\":\"https:\\\/\\\/poliflox.com\\\/\",\"name\":\"Inicio - Poliflox\",\"isPartOf\":{\"@id\":\"https:\\\/\\\/poliflox.com\\\/#website\"},\"primaryImageOfPage\":{\"@id\":\"https:\\\/\\\/poliflox.com\\\/#primaryimage\"},\"image\":{\"@id\":\"https:\\\/\\\/poliflox.com\\\/#primaryimage\"},\"thumbnailUrl\":\"https:\\\/\\\/poliflox.com\\\/wp-content\\\/uploads\\\/2026\\\/04\\\/logotransparent.png\",\"datePublished\":\"2026-04-01T07:46:33+00:00\",\"dateModified\":\"2026-04-08T10:36:36+00:00\",\"breadcrumb\":{\"@id\":\"https:\\\/\\\/poliflox.com\\\/#breadcrumb\"},\"inLanguage\":\"ca\",\"potentialAction\":[{\"@type\":\"ReadAction\",\"target\":[\"https:\\\/\\\/poliflox.com\\\/\"]}]},{\"@type\":\"ImageObject\",\"inLanguage\":\"ca\",\"@id\":\"https:\\\/\\\/poliflox.com\\\/#primaryimage\",\"url\":\"https:\\\/\\\/poliflox.com\\\/wp-content\\\/uploads\\\/2026\\\/04\\\/logotransparent.png\",\"contentUrl\":\"https:\\\/\\\/poliflox.com\\\/wp-content\\\/uploads\\\/2026\\\/04\\\/logotransparent.png\"},{\"@type\":\"BreadcrumbList\",\"@id\":\"https:\\\/\\\/poliflox.com\\\/#breadcrumb\",\"itemListElement\":[{\"@type\":\"ListItem\",\"position\":1,\"name\":\"Portada\",\"item\":\"https:\\\/\\\/poliflox.com\\\/\"},{\"@type\":\"ListItem\",\"position\":2,\"name\":\"Inicio\"}]},{\"@type\":\"WebSite\",\"@id\":\"https:\\\/\\\/poliflox.com\\\/#website\",\"url\":\"https:\\\/\\\/poliflox.com\\\/\",\"name\":\"Poliflox\",\"description\":\"\",\"publisher\":{\"@id\":\"https:\\\/\\\/poliflox.com\\\/#organization\"},\"potentialAction\":[{\"@type\":\"SearchAction\",\"target\":{\"@type\":\"EntryPoint\",\"urlTemplate\":\"https:\\\/\\\/poliflox.com\\\/?s={search_term_string}\"},\"query-input\":{\"@type\":\"PropertyValueSpecification\",\"valueRequired\":true,\"valueName\":\"search_term_string\"}}],\"inLanguage\":\"ca\"},{\"@type\":\"Organization\",\"@id\":\"https:\\\/\\\/poliflox.com\\\/#organization\",\"name\":\"Poliflox\",\"url\":\"https:\\\/\\\/poliflox.com\\\/\",\"logo\":{\"@type\":\"ImageObject\",\"inLanguage\":\"ca\",\"@id\":\"https:\\\/\\\/poliflox.com\\\/#\\\/schema\\\/logo\\\/image\\\/\",\"url\":\"https:\\\/\\\/poliflox.com\\\/wp-content\\\/uploads\\\/2026\\\/04\\\/poliflox202603_logo_web-scaled.png\",\"contentUrl\":\"https:\\\/\\\/poliflox.com\\\/wp-content\\\/uploads\\\/2026\\\/04\\\/poliflox202603_logo_web-scaled.png\",\"width\":2560,\"height\":416,\"caption\":\"Poliflox\"},\"image\":{\"@id\":\"https:\\\/\\\/poliflox.com\\\/#\\\/schema\\\/logo\\\/image\\\/\"}}]}<\/script>\n<!-- \/ Yoast SEO plugin. -->","yoast_head_json":{"title":"Inicio - Poliflox","robots":{"index":"index","follow":"follow","max-snippet":"max-snippet:-1","max-image-preview":"max-image-preview:large","max-video-preview":"max-video-preview:-1"},"canonical":"https:\/\/poliflox.com\/ca\/","og_locale":"ca_ES","og_type":"article","og_title":"Inicio - Poliflox","og_description":"FOTOGRAF\u00cdA Y COMMUNITY MANAGEMENT Sobre m\u00ed Soy Mar\u00eda, fot\u00f3grafa y community manager de Castell\u00f3n. Llevo m\u00e1s de 8 a\u00f1os dedic\u00e1ndome a la fotograf\u00eda y m\u00e1s de 3 a\u00f1os trabajando en gesti\u00f3n de redes sociales para marcas y proyectos creativos. Mi trabajo como fot\u00f3grafa se centra en capturar momentos reales: bodas, sesiones premam\u00e1, parejas o retratos [&hellip;]","og_url":"https:\/\/poliflox.com\/ca\/","og_site_name":"Poliflox","article_modified_time":"2026-04-08T10:36:36+00:00","og_image":[{"url":"https:\/\/poliflox.com\/wp-content\/uploads\/2026\/04\/logotransparent.png","type":"","width":"","height":""}],"twitter_card":"summary_large_image","twitter_misc":{"Temps estimat de lectura":"1 minut"},"schema":{"@context":"https:\/\/schema.org","@graph":[{"@type":"WebPage","@id":"https:\/\/poliflox.com\/","url":"https:\/\/poliflox.com\/","name":"Inicio - Poliflox","isPartOf":{"@id":"https:\/\/poliflox.com\/#website"},"primaryImageOfPage":{"@id":"https:\/\/poliflox.com\/#primaryimage"},"image":{"@id":"https:\/\/poliflox.com\/#primaryimage"},"thumbnailUrl":"https:\/\/poliflox.com\/wp-content\/uploads\/2026\/04\/logotransparent.png","datePublished":"2026-04-01T07:46:33+00:00","dateModified":"2026-04-08T10:36:36+00:00","breadcrumb":{"@id":"https:\/\/poliflox.com\/#breadcrumb"},"inLanguage":"ca","potentialAction":[{"@type":"ReadAction","target":["https:\/\/poliflox.com\/"]}]},{"@type":"ImageObject","inLanguage":"ca","@id":"https:\/\/poliflox.com\/#primaryimage","url":"https:\/\/poliflox.com\/wp-content\/uploads\/2026\/04\/logotransparent.png","contentUrl":"https:\/\/poliflox.com\/wp-content\/uploads\/2026\/04\/logotransparent.png"},{"@type":"BreadcrumbList","@id":"https:\/\/poliflox.com\/#breadcrumb","itemListElement":[{"@type":"ListItem","position":1,"name":"Portada","item":"https:\/\/poliflox.com\/"},{"@type":"ListItem","position":2,"name":"Inicio"}]},{"@type":"WebSite","@id":"https:\/\/poliflox.com\/#website","url":"https:\/\/poliflox.com\/","name":"Poliflox","description":"","publisher":{"@id":"https:\/\/poliflox.com\/#organization"},"potentialAction":[{"@type":"SearchAction","target":{"@type":"EntryPoint","urlTemplate":"https:\/\/poliflox.com\/?s={search_term_string}"},"query-input":{"@type":"PropertyValueSpecification","valueRequired":true,"valueName":"search_term_string"}}],"inLanguage":"ca"},{"@type":"Organization","@id":"https:\/\/poliflox.com\/#organization","name":"Poliflox","url":"https:\/\/poliflox.com\/","logo":{"@type":"ImageObject","inLanguage":"ca","@id":"https:\/\/poliflox.com\/#\/schema\/logo\/image\/","url":"https:\/\/poliflox.com\/wp-content\/uploads\/2026\/04\/poliflox202603_logo_web-scaled.png","contentUrl":"https:\/\/poliflox.com\/wp-content\/uploads\/2026\/04\/poliflox202603_logo_web-scaled.png","width":2560,"height":416,"caption":"Poliflox"},"image":{"@id":"https:\/\/poliflox.com\/#\/schema\/logo\/image\/"}}]}},"_links":{"self":[{"href":"https:\/\/poliflox.com\/ca\/wp-json\/wp\/v2\/pages\/14","targetHints":{"allow":["GET"]}}],"collection":[{"href":"https:\/\/poliflox.com\/ca\/wp-json\/wp\/v2\/pages"}],"about":[{"href":"https:\/\/poliflox.com\/ca\/wp-json\/wp\/v2\/types\/page"}],"author":[{"embeddable":true,"href":"https:\/\/poliflox.com\/ca\/wp-json\/wp\/v2\/users\/1"}],"replies":[{"embeddable":true,"href":"https:\/\/poliflox.com\/ca\/wp-json\/wp\/v2\/comments?post=14"}],"version-history":[{"count":139,"href":"https:\/\/poliflox.com\/ca\/wp-json\/wp\/v2\/pages\/14\/revisions"}],"predecessor-version":[{"id":590,"href":"https:\/\/poliflox.com\/ca\/wp-json\/wp\/v2\/pages\/14\/revisions\/590"}],"wp:attachment":[{"href":"https:\/\/poliflox.com\/ca\/wp-json\/wp\/v2\/media?parent=14"}],"curies":[{"name":"wp","href":"https:\/\/api.w.org\/{rel}","templated":true}]}}